{"id":59107,"date":"2019-03-07T18:54:50","date_gmt":"2019-03-07T17:54:50","guid":{"rendered":"http:\/\/v2.serimag.com\/contact\/"},"modified":"2020-01-22T12:47:09","modified_gmt":"2020-01-22T11:47:09","slug":"contact","status":"publish","type":"page","link":"https:\/\/serimagmedia.com\/en\/contact\/","title":{"rendered":"Contact"},"content":{"rendered":"\n<style type=\"text\/css\" data-created_by=\"avia_inline_auto\" id=\"style-css-av-jkjmqted-c899c088e23d00d859338291b47927bd\">\n.avia-section.av-jkjmqted-c899c088e23d00d859338291b47927bd .av-parallax .av-parallax-inner{\nbackground-color:#7bb0e7;\nbackground-image:url(https:\/\/serimagmedia.com\/wp-content\/uploads\/2019\/02\/imagenTest-300x150.jpg);\nbackground-repeat:no-repeat;\nbackground-position:50% 50%;\nbackground-attachment:scroll;\n}\n.avia-section.av-jkjmqted-c899c088e23d00d859338291b47927bd .av-section-color-overlay{\nopacity:0.7;\nbackground-color:#33a2d6;\n}\n.avia-section.av-jkjmqted-c899c088e23d00d859338291b47927bd .av-extra-border-element .av-extra-border-inner{\nbackground-color:#7bb0e7;\n}\n<\/style>\n<div id='av_section_1'  class='avia-section av-jkjmqted-c899c088e23d00d859338291b47927bd header_color avia-section-default avia-no-border-styling  avia-builder-el-0  el_before_av_section  avia-builder-el-first  avia-full-stretch av-parallax-section avia-bg-style-parallax av-section-color-overlay-active av-arrow-down-section av-minimum-height av-minimum-height-25 av-height-25  container_wrap fullsize'  data-section-bg-repeat='stretch' data-av_minimum_height_pc='25' data-av_min_height_opt='25'><div class='av-parallax' data-avia-parallax-ratio='0.3' ><div class='av-parallax-inner header_color avia-full-stretch'><\/div><\/div><div class=\"av-section-color-overlay-wrap\"><div class=\"av-section-color-overlay\"><\/div><div class='container av-section-cont-open' ><main  role=\"main\" itemprop=\"mainContentOfPage\"  class='template-page content  av-content-full alpha units'><div class='post-entry post-entry-type-page post-entry-59107'><div class='entry-content-wrapper clearfix'>\n\n<style type=\"text\/css\" data-created_by=\"avia_inline_auto\" id=\"style-css-av-jseux4qp-4e6ed9a4a382fe75d219f66c454c547e\">\n#top .av-special-heading.av-jseux4qp-4e6ed9a4a382fe75d219f66c454c547e{\nmargin:0 0 0 0;\npadding-bottom:0;\nfont-size:60px;\n}\nbody .av-special-heading.av-jseux4qp-4e6ed9a4a382fe75d219f66c454c547e .av-special-heading-tag .heading-char{\nfont-size:25px;\n}\n#top #wrap_all .av-special-heading.av-jseux4qp-4e6ed9a4a382fe75d219f66c454c547e .av-special-heading-tag{\nfont-size:60px;\n}\n.av-special-heading.av-jseux4qp-4e6ed9a4a382fe75d219f66c454c547e .av-subheading{\nfont-size:23px;\n}\n\n@media only screen and (min-width: 480px) and (max-width: 767px){ \n#top #wrap_all .av-special-heading.av-jseux4qp-4e6ed9a4a382fe75d219f66c454c547e .av-special-heading-tag{\nfont-size:0.8em;\n}\n}\n\n@media only screen and (max-width: 479px){ \n#top #wrap_all .av-special-heading.av-jseux4qp-4e6ed9a4a382fe75d219f66c454c547e .av-special-heading-tag{\nfont-size:0.8em;\n}\n}\n<\/style>\n<div  class='av-special-heading av-jseux4qp-4e6ed9a4a382fe75d219f66c454c547e av-special-heading-h6 blockquote modern-quote modern-centered  avia-builder-el-1  avia-builder-el-no-sibling  av-inherit-size'><h6 class='av-special-heading-tag '  itemprop=\"headline\"  >Contact<\/h6><div class=\"special-heading-border\"><div class=\"special-heading-inner-border\"><\/div><\/div><\/div>\n\n<\/div><\/div><\/main><!-- close content main element --><\/div><div class='av-extra-border-element border-extra-arrow-down'><div class='av-extra-border-outer'><div class='av-extra-border-inner'><\/div><\/div><\/div><\/div><\/div>\n<style type=\"text\/css\" data-created_by=\"avia_inline_auto\" id=\"style-css-av-1391r-e0960a2a06003893fd6e2946216dfc4b\">\n.avia-section.av-1391r-e0960a2a06003893fd6e2946216dfc4b{\nbackground-color:#ffffff;\nbackground-image:unset;\n}\n<\/style>\n<div id='industrias'  class='avia-section av-1391r-e0960a2a06003893fd6e2946216dfc4b main_color avia-section-default avia-no-border-styling  avia-builder-el-2  el_after_av_section  el_before_av_two_fifth  avia-bg-style-scroll container_wrap fullsize'  ><div class='container av-section-cont-open' ><div class='template-page content  av-content-full alpha units'><div class='post-entry post-entry-type-page post-entry-59107'><div class='entry-content-wrapper clearfix'>\n\n<style type=\"text\/css\" data-created_by=\"avia_inline_auto\" id=\"style-css-av-jsboxw9j-0ad4ca1581704edcc655de265ca12379\">\n#top .av_textblock_section.av-jsboxw9j-0ad4ca1581704edcc655de265ca12379 .avia_textblock{\nfont-size:20px;\ncolor:#000000;\n}\n<\/style>\n<section  class='av_textblock_section av-jsboxw9j-0ad4ca1581704edcc655de265ca12379 '   itemscope=\"itemscope\" itemtype=\"https:\/\/schema.org\/CreativeWork\" ><div class='avia_textblock av_inherit_color'  itemprop=\"text\" ><p style=\"text-align: center;\">Everything starts here.<\/p>\n<p style=\"text-align: center;\">Do you want to know more about our technology?<br \/>\nAre you interested in seeing how our solution can be integrated into your company?<\/p>\n<p style=\"text-align: center;\">Contact us and we will evaluate your project to see the best way to automate your processes.<br \/>\nThe evaluation does not involve any cost or commitment and can provide you with valuable data on the impact it would have on cost and time<\/p>\n<\/div><\/section>\n<\/div><\/div><\/div><!-- close content main div --><\/div><\/div><div id='after_section_2'  class='main_color av_default_container_wrap container_wrap fullsize'  ><div class='container av-section-cont-open' ><div class='template-page content  av-content-full alpha units'><div class='post-entry post-entry-type-page post-entry-59107'><div class='entry-content-wrapper clearfix'>\n\n<style type=\"text\/css\" data-created_by=\"avia_inline_auto\" id=\"style-css-av-mnply-73199e458d795c15593073ae417a4b2c\">\n.flex_column.av-mnply-73199e458d795c15593073ae417a4b2c{\nborder-radius:0px 0px 0px 0px;\npadding:0px 0px 0px 0px;\n}\n<\/style>\n<div  class='flex_column av-mnply-73199e458d795c15593073ae417a4b2c av_two_fifth  avia-builder-el-4  el_after_av_section  el_before_av_three_fifth  avia-builder-el-first  first flex_column_div av-zero-column-padding  '     ><p><div  class='av_gmaps_sc_main_wrap av_gmaps_main_wrap '><div id='av_gmap_0' class='avia-google-map-container avia-google-map-sc av_gmaps_show_unconditionally av-no-fallback-img ' data-mapid='av_gmap_0'  style='height: 400px;'><a class=\"av_gmaps_browser_disabled av_text_confirm_link av_text_confirm_link_visible\" href=\"https:\/\/www.google.com\/maps\/search\/?api=1&#038;query=Frederic%20Mompou%205,%206\u00ba%201\u00aa%2008960%20Sant%20Just%20Desvern%20Barcelona%20Espa\u00f1a\" target=\"_blank\">Maps were disabled by the visitor on this site. Click to open the map in a new window.<\/a><\/div><\/div><br \/>\n\n<style type=\"text\/css\" data-created_by=\"avia_inline_auto\" id=\"style-css-av-jsdaxyqb-45eebd4e1da0794ceb11641d8b13cf17\">\n#top .hr.hr-invisible.av-jsdaxyqb-45eebd4e1da0794ceb11641d8b13cf17{\nheight:70px;\n}\n<\/style>\n<div  class='hr av-jsdaxyqb-45eebd4e1da0794ceb11641d8b13cf17 hr-invisible  avia-builder-el-6  el_after_av_google_map  el_before_av_iconlist  avia-builder-el-first '><span class='hr-inner '><span class=\"hr-inner-style\"><\/span><\/span><\/div><br \/>\n\n<style type=\"text\/css\" data-created_by=\"avia_inline_auto\" id=\"style-css-av-jsdb1qg2-33fab26f2ce43653ee81d70cc92f4d9f\">\n#top .avia-icon-list-container.av-jsdb1qg2-33fab26f2ce43653ee81d70cc92f4d9f .iconlist_icon{\nbackground-color:#e66428;\n}\n<\/style>\n<div  class='avia-icon-list-container av-jsdb1qg2-33fab26f2ce43653ee81d70cc92f4d9f  avia-builder-el-7  el_after_av_hr  avia-builder-el-last '><ul class='avia-icon-list avia_animate_when_almost_visible avia-icon-list-left av-iconlist-big av-jsdb1qg2-33fab26f2ce43653ee81d70cc92f4d9f avia-iconlist-animate'>\n<li><div class='iconlist_icon av-19eg5a-954773ea4dd993fff9378973c0b7186f avia-font-entypo-fontello avia-iconfont avia-font-entypo-fontello'><span class='av-icon-char' data-av_icon='\ue842' data-av_iconfont='entypo-fontello' aria-hidden=\"true\"><\/span><\/div><article class=\"article-icon-entry \"  itemscope=\"itemscope\" itemtype=\"https:\/\/schema.org\/CreativeWork\" ><div class=\"iconlist_content_wrap\"><header class=\"entry-content-header\" aria-label=\"Icon: ADDRESS\"><h4 class='av_iconlist_title iconlist_title  '  itemprop=\"headline\" >ADDRESS<\/h4><\/header><div class='iconlist_content '  itemprop=\"text\" ><p>C. Frederic Mompou n\u00ba5 6-1<br \/>\n08960 Sant Just Desvern<br \/>\nBARCELONA<\/p>\n<\/div><\/div><footer class=\"entry-footer\"><\/footer><\/article><div class=\"iconlist-timeline\"><\/div><\/li>\n<li><div class='iconlist_icon av-15kxj2-f8190f402c6ad91e1d7fb9fdad6ca03c avia-font-entypo-fontello avia-iconfont avia-font-entypo-fontello'><span class='av-icon-char' data-av_icon='\ue854' data-av_iconfont='entypo-fontello' aria-hidden=\"true\"><\/span><\/div><article class=\"article-icon-entry \"  itemscope=\"itemscope\" itemtype=\"https:\/\/schema.org\/CreativeWork\" ><div class=\"iconlist_content_wrap\"><header class=\"entry-content-header\" aria-label=\"Icon: CONTACT\"><h4 class='av_iconlist_title iconlist_title  '  itemprop=\"headline\" >CONTACT<\/h4><\/header><div class='iconlist_content '  itemprop=\"text\" ><p>+34 93 477 00 07<br \/>\n+34 93 477 15 79<br \/>\ncontact @serimag.com<\/p>\n<\/div><\/div><footer class=\"entry-footer\"><\/footer><\/article><div class=\"iconlist-timeline\"><\/div><\/li>\n<\/ul><\/div><\/p><\/div>\n\n<style type=\"text\/css\" data-created_by=\"avia_inline_auto\" id=\"style-css-av-7x2zi-8e3e1c989acda3c6d7eaff1ee9cf40da\">\n.flex_column.av-7x2zi-8e3e1c989acda3c6d7eaff1ee9cf40da{\nborder-radius:0px 0px 0px 0px;\npadding:0px 0px 0px 0px;\n}\n<\/style>\n<div  class='flex_column av-7x2zi-8e3e1c989acda3c6d7eaff1ee9cf40da av_three_fifth  avia-builder-el-8  el_after_av_two_fifth  avia-builder-el-last  flex_column_div av-zero-column-padding  '     ><form action=\"https:\/\/serimagmedia.com\/en\/contact\/\" method=\"post\" data-fields-with-error=\"Found errors in the following field(s):\" class=\"avia_ajax_form av-form-labels-visible   avia-builder-el-9  avia-builder-el-no-sibling   \" data-avia-form-id=\"1\" data-avia-redirect='' ><h3 class=''>How can we help you?<\/h3><fieldset><p class='  first_form  form_element form_fullwidth' id='element_avia_1_1'><label for=\"avia_1_1\">Name <abbr class=\"required\" title=\"required\">*<\/abbr><\/label> <input name=\"avia_1_1\" class=\"text_input is_empty\" type=\"text\" id=\"avia_1_1\" value=\"\" \/><\/p><p class='  first_form  form_element form_fullwidth' id='element_avia_2_1'><label for=\"avia_2_1\"> Email <abbr class=\"required\" title=\"required\">*<\/abbr><\/label> <input name=\"avia_2_1\" class=\"text_input is_email\" type=\"text\" id=\"avia_2_1\" value=\"\" \/><\/p><p class='  first_form  form_element form_fullwidth' id='element_avia_3_1'><label for=\"avia_3_1\">Phone<\/label> <input name=\"avia_3_1\" class=\"text_input \" type=\"text\" id=\"avia_3_1\" value=\"\" \/><\/p><p class='  first_form  form_element form_fullwidth' id='element_avia_4_1'><label for=\"avia_4_1\"> Subject <abbr class=\"required\" title=\"required\">*<\/abbr><\/label> <input name=\"avia_4_1\" class=\"text_input is_empty\" type=\"text\" id=\"avia_4_1\" value=\"\" \/><\/p><p class='  first_form  form_element form_fullwidth' id='element_avia_5_1'><label for=\"avia_5_1\" class=\"textare_label hidden textare_label_avia_5_1\">Text <abbr class=\"required\" title=\"required\">*<\/abbr><\/label><textarea  name=\"avia_5_1\" class=\"text_area is_empty\" cols=\"40\" rows=\"7\" id=\"avia_5_1\" ><\/textarea><\/p><p class=\"hidden\"><input type=\"text\" name=\"avia_6_1\" class=\"hidden \" id=\"avia_6_1\" value=\"\" \/><\/p><p class=' av_form_privacy_check av_contact_privacy_check first_form  form_element form_fullwidth' id='element_avia_7_1'><input  name=\"avia_7_1\" class=\"input_checkbox is_empty\" type=\"checkbox\" id=\"avia_7_1\" value=\"true\"\/><label class=\"input_checkbox_label\" for=\"avia_7_1\">I agree to the terms and conditions laid out in the <a href='https:\/\/serimagmedia.com\/en\/legal-warning\/' target='_blank'>Privacy Policy<\/a> <abbr class=\"required\" title=\"required\">*<\/abbr><\/label><\/p><p class=\"form_element \"><input type=\"hidden\" value=\"1\" name=\"avia_generated_form1\" \/><input type=\"submit\" value=\"Send\" class=\"button\"  data-sending-label=\"Sending\"\/><\/p><\/fieldset><\/form><div id=\"ajaxresponse_1\" class=\"ajaxresponse ajaxresponse_1 hidden\"><\/div><\/div>\n","protected":false},"excerpt":{"rendered":"","protected":false},"author":2,"featured_media":0,"parent":0,"menu_order":0,"comment_status":"closed","ping_status":"closed","template":"","meta":{"content-type":"","footnotes":""},"class_list":["post-59107","page","type-page","status-publish","hentry"],"yoast_head":"<!-- This site is optimized with the Yoast SEO plugin v27.3 - https:\/\/yoast.com\/product\/yoast-seo-wordpress\/ -->\n<title>Serimag - Contact us<\/title>\n<meta name=\"description\" content=\"Do you want to know in depth our technology? Are you interested in seeing how our solution can be integrated into your company?\" \/>\n<meta name=\"robots\" content=\"index, follow, max-snippet:-1, max-image-preview:large, max-video-preview:-1\" \/>\n<link rel=\"canonical\" href=\"https:\/\/serimagmedia.com\/en\/contact\/\" \/>\n<meta property=\"og:locale\" content=\"en_US\" \/>\n<meta property=\"og:type\" content=\"article\" \/>\n<meta property=\"og:title\" content=\"Serimag - Contacte con nosotros\" \/>\n<meta property=\"og:description\" content=\"\u00bfQuiere conocer nuestra tecnolog\u00eda m\u00e1s en profundidad?\u00bfEst\u00e1 interesado en ver c\u00f3mo se puede integrar nuestra soluci\u00f3n en su empresa?\" \/>\n<meta property=\"og:url\" content=\"https:\/\/serimagmedia.com\/en\/contact\/\" \/>\n<meta property=\"og:site_name\" content=\"serimagmedia\" \/>\n<meta property=\"article:modified_time\" content=\"2020-01-22T11:47:09+00:00\" \/>\n<meta name=\"twitter:card\" content=\"summary_large_image\" \/>\n<meta name=\"twitter:title\" content=\"Serimag - Contacte con nosotros\" \/>\n<meta name=\"twitter:description\" content=\"\u00bfQuiere conocer nuestra tecnolog\u00eda m\u00e1s en profundidad?\u00bfEst\u00e1 interesado en ver c\u00f3mo se puede integrar nuestra soluci\u00f3n en su empresa?\" \/>\n<meta name=\"twitter:site\" content=\"@serimag\" \/>\n<meta name=\"twitter:label1\" content=\"Est. reading time\" \/>\n\t<meta name=\"twitter:data1\" content=\"6 minutes\" \/>\n<script type=\"application\/ld+json\" class=\"yoast-schema-graph\">{\"@context\":\"https:\\\/\\\/schema.org\",\"@graph\":[{\"@type\":\"WebPage\",\"@id\":\"https:\\\/\\\/serimagmedia.com\\\/en\\\/contact\\\/\",\"url\":\"https:\\\/\\\/serimagmedia.com\\\/en\\\/contact\\\/\",\"name\":\"Serimag - Contact us\",\"isPartOf\":{\"@id\":\"https:\\\/\\\/serimagmedia.com\\\/#website\"},\"datePublished\":\"2019-03-07T17:54:50+00:00\",\"dateModified\":\"2020-01-22T11:47:09+00:00\",\"description\":\"Do you want to know in depth our technology? Are you interested in seeing how our solution can be integrated into your company?\",\"breadcrumb\":{\"@id\":\"https:\\\/\\\/serimagmedia.com\\\/en\\\/contact\\\/#breadcrumb\"},\"inLanguage\":\"en-US\",\"potentialAction\":[{\"@type\":\"ReadAction\",\"target\":[\"https:\\\/\\\/serimagmedia.com\\\/en\\\/contact\\\/\"]}]},{\"@type\":\"BreadcrumbList\",\"@id\":\"https:\\\/\\\/serimagmedia.com\\\/en\\\/contact\\\/#breadcrumb\",\"itemListElement\":[{\"@type\":\"ListItem\",\"position\":1,\"name\":\"Portada\",\"item\":\"https:\\\/\\\/serimagmedia.com\\\/en\\\/home\\\/\"},{\"@type\":\"ListItem\",\"position\":2,\"name\":\"Contact\"}]},{\"@type\":\"WebSite\",\"@id\":\"https:\\\/\\\/serimagmedia.com\\\/#website\",\"url\":\"https:\\\/\\\/serimagmedia.com\\\/\",\"name\":\"serimagmedia\",\"description\":\"Base WP\",\"publisher\":{\"@id\":\"https:\\\/\\\/serimagmedia.com\\\/#organization\"},\"potentialAction\":[{\"@type\":\"SearchAction\",\"target\":{\"@type\":\"EntryPoint\",\"urlTemplate\":\"https:\\\/\\\/serimagmedia.com\\\/?s={search_term_string}\"},\"query-input\":{\"@type\":\"PropertyValueSpecification\",\"valueRequired\":true,\"valueName\":\"search_term_string\"}}],\"inLanguage\":\"en-US\"},{\"@type\":\"Organization\",\"@id\":\"https:\\\/\\\/serimagmedia.com\\\/#organization\",\"name\":\"Serimag\",\"url\":\"https:\\\/\\\/serimagmedia.com\\\/\",\"logo\":{\"@type\":\"ImageObject\",\"inLanguage\":\"en-US\",\"@id\":\"https:\\\/\\\/serimagmedia.com\\\/#\\\/schema\\\/logo\\\/image\\\/\",\"url\":\"https:\\\/\\\/serimagmedia.com\\\/wp-content\\\/uploads\\\/2019\\\/02\\\/logoSerimagBox.png\",\"contentUrl\":\"https:\\\/\\\/serimagmedia.com\\\/wp-content\\\/uploads\\\/2019\\\/02\\\/logoSerimagBox.png\",\"width\":250,\"height\":80,\"caption\":\"Serimag\"},\"image\":{\"@id\":\"https:\\\/\\\/serimagmedia.com\\\/#\\\/schema\\\/logo\\\/image\\\/\"},\"sameAs\":[\"https:\\\/\\\/x.com\\\/serimag\",\"http:\\\/\\\/linkedin.com\\\/company\\\/serimag\",\"https:\\\/\\\/www.youtube.com\\\/channel\\\/UC6EIa_EoTHG064U0O_OHnYQ\"]}]}<\/script>\n<!-- \/ Yoast SEO plugin. -->","yoast_head_json":{"title":"Serimag - Contact us","description":"Do you want to know in depth our technology? Are you interested in seeing how our solution can be integrated into your company?","robots":{"index":"index","follow":"follow","max-snippet":"max-snippet:-1","max-image-preview":"max-image-preview:large","max-video-preview":"max-video-preview:-1"},"canonical":"https:\/\/serimagmedia.com\/en\/contact\/","og_locale":"en_US","og_type":"article","og_title":"Serimag - Contacte con nosotros","og_description":"\u00bfQuiere conocer nuestra tecnolog\u00eda m\u00e1s en profundidad?\u00bfEst\u00e1 interesado en ver c\u00f3mo se puede integrar nuestra soluci\u00f3n en su empresa?","og_url":"https:\/\/serimagmedia.com\/en\/contact\/","og_site_name":"serimagmedia","article_modified_time":"2020-01-22T11:47:09+00:00","twitter_card":"summary_large_image","twitter_title":"Serimag - Contacte con nosotros","twitter_description":"\u00bfQuiere conocer nuestra tecnolog\u00eda m\u00e1s en profundidad?\u00bfEst\u00e1 interesado en ver c\u00f3mo se puede integrar nuestra soluci\u00f3n en su empresa?","twitter_site":"@serimag","twitter_misc":{"Est. reading time":"6 minutes"},"schema":{"@context":"https:\/\/schema.org","@graph":[{"@type":"WebPage","@id":"https:\/\/serimagmedia.com\/en\/contact\/","url":"https:\/\/serimagmedia.com\/en\/contact\/","name":"Serimag - Contact us","isPartOf":{"@id":"https:\/\/serimagmedia.com\/#website"},"datePublished":"2019-03-07T17:54:50+00:00","dateModified":"2020-01-22T11:47:09+00:00","description":"Do you want to know in depth our technology? Are you interested in seeing how our solution can be integrated into your company?","breadcrumb":{"@id":"https:\/\/serimagmedia.com\/en\/contact\/#breadcrumb"},"inLanguage":"en-US","potentialAction":[{"@type":"ReadAction","target":["https:\/\/serimagmedia.com\/en\/contact\/"]}]},{"@type":"BreadcrumbList","@id":"https:\/\/serimagmedia.com\/en\/contact\/#breadcrumb","itemListElement":[{"@type":"ListItem","position":1,"name":"Portada","item":"https:\/\/serimagmedia.com\/en\/home\/"},{"@type":"ListItem","position":2,"name":"Contact"}]},{"@type":"WebSite","@id":"https:\/\/serimagmedia.com\/#website","url":"https:\/\/serimagmedia.com\/","name":"serimagmedia","description":"Base WP","publisher":{"@id":"https:\/\/serimagmedia.com\/#organization"},"potentialAction":[{"@type":"SearchAction","target":{"@type":"EntryPoint","urlTemplate":"https:\/\/serimagmedia.com\/?s={search_term_string}"},"query-input":{"@type":"PropertyValueSpecification","valueRequired":true,"valueName":"search_term_string"}}],"inLanguage":"en-US"},{"@type":"Organization","@id":"https:\/\/serimagmedia.com\/#organization","name":"Serimag","url":"https:\/\/serimagmedia.com\/","logo":{"@type":"ImageObject","inLanguage":"en-US","@id":"https:\/\/serimagmedia.com\/#\/schema\/logo\/image\/","url":"https:\/\/serimagmedia.com\/wp-content\/uploads\/2019\/02\/logoSerimagBox.png","contentUrl":"https:\/\/serimagmedia.com\/wp-content\/uploads\/2019\/02\/logoSerimagBox.png","width":250,"height":80,"caption":"Serimag"},"image":{"@id":"https:\/\/serimagmedia.com\/#\/schema\/logo\/image\/"},"sameAs":["https:\/\/x.com\/serimag","http:\/\/linkedin.com\/company\/serimag","https:\/\/www.youtube.com\/channel\/UC6EIa_EoTHG064U0O_OHnYQ"]}]}},"_links":{"self":[{"href":"https:\/\/serimagmedia.com\/en\/wp-json\/wp\/v2\/pages\/59107","targetHints":{"allow":["GET"]}}],"collection":[{"href":"https:\/\/serimagmedia.com\/en\/wp-json\/wp\/v2\/pages"}],"about":[{"href":"https:\/\/serimagmedia.com\/en\/wp-json\/wp\/v2\/types\/page"}],"author":[{"embeddable":true,"href":"https:\/\/serimagmedia.com\/en\/wp-json\/wp\/v2\/users\/2"}],"replies":[{"embeddable":true,"href":"https:\/\/serimagmedia.com\/en\/wp-json\/wp\/v2\/comments?post=59107"}],"version-history":[{"count":0,"href":"https:\/\/serimagmedia.com\/en\/wp-json\/wp\/v2\/pages\/59107\/revisions"}],"wp:attachment":[{"href":"https:\/\/serimagmedia.com\/en\/wp-json\/wp\/v2\/media?parent=59107"}],"curies":[{"name":"wp","href":"https:\/\/api.w.org\/{rel}","templated":true}]}}